{"id":112,"date":"2024-07-18T13:42:03","date_gmt":"2024-07-18T13:42:03","guid":{"rendered":"https:\/\/coordinaciondelpacifico.org\/?page_id=112"},"modified":"2026-03-09T23:32:51","modified_gmt":"2026-03-09T23:32:51","slug":"inicio","status":"publish","type":"page","link":"https:\/\/coordinaciondelpacifico.org\/","title":{"rendered":"Inicio"},"content":{"rendered":"<p>[et_pb_section fb_built=\u00bb1&#8243; fullwidth=\u00bbon\u00bb _builder_version=\u00bb4.27.0&#8243; _module_preset=\u00bbdefault\u00bb global_colors_info=\u00bb{}\u00bb][et_pb_fullwidth_slider use_bg_overlay=\u00bbon\u00bb _builder_version=\u00bb4.27.4&#8243; _module_preset=\u00bbdefault\u00bb height=\u00bb630px\u00bb global_colors_info=\u00bb{}\u00bb][et_pb_slide _builder_version=\u00bb4.27.4&#8243; _module_preset=\u00bbdefault\u00bb background_enable_color=\u00bboff\u00bb background_image=\u00bbhttps:\/\/coordinaciondelpacifico.org\/wp-content\/uploads\/2025\/09\/banners_Mesa-de-trabajo-1-copia-2-1-scaled.jpg\u00bb background_enable_image=\u00bbon\u00bb global_colors_info=\u00bb{}\u00bb sticky_transition=\u00bbon\u00bb][\/et_pb_slide][et_pb_slide _builder_version=\u00bb4.27.0&#8243; _module_preset=\u00bbdefault\u00bb background_enable_color=\u00bboff\u00bb background_image=\u00bbhttps:\/\/coordinaciondelpacifico.org\/wp-content\/uploads\/2024\/07\/3.png\u00bb background_enable_image=\u00bbon\u00bb global_colors_info=\u00bb{}\u00bb sticky_transition=\u00bbon\u00bb][\/et_pb_slide][et_pb_slide _builder_version=\u00bb4.27.0&#8243; _module_preset=\u00bbdefault\u00bb background_enable_color=\u00bboff\u00bb background_image=\u00bbhttps:\/\/coordinaciondelpacifico.org\/wp-content\/uploads\/2024\/07\/2.png\u00bb background_enable_image=\u00bbon\u00bb global_colors_info=\u00bb{}\u00bb sticky_transition=\u00bbon\u00bb][\/et_pb_slide][et_pb_slide _builder_version=\u00bb4.27.0&#8243; _module_preset=\u00bbdefault\u00bb background_enable_color=\u00bboff\u00bb background_image=\u00bbhttps:\/\/coordinaciondelpacifico.org\/wp-content\/uploads\/2024\/07\/1.png\u00bb background_enable_image=\u00bbon\u00bb global_colors_info=\u00bb{}\u00bb sticky_transition=\u00bbon\u00bb][\/et_pb_slide][\/et_pb_fullwidth_slider][\/et_pb_section][et_pb_section fb_built=\u00bb1&#8243; _builder_version=\u00bb4.27.0&#8243; _module_preset=\u00bbdefault\u00bb global_colors_info=\u00bb{}\u00bb][et_pb_row _builder_version=\u00bb4.27.0&#8243; _module_preset=\u00bbdefault\u00bb global_colors_info=\u00bb{}\u00bb][et_pb_column type=\u00bb4_4&#8243; _builder_version=\u00bb4.27.0&#8243; _module_preset=\u00bbdefault\u00bb global_colors_info=\u00bb{}\u00bb][dgbm_blog_module posts_number=\u00bb6&#8243; use_post_excerpt=\u00bbon\u00bb show_excerpt_length=\u00bb300&#8243; show_author=\u00bboff\u00bb space_between=\u00bb20px\u00bb equal_height=\u00bbon\u00bb image_overlay=\u00bbon\u00bb image_margin=\u00bb||8px||false|false\u00bb title_margin=\u00bb||4px||false|false\u00bb text_margin=\u00bb5px||||false|false\u00bb _builder_version=\u00bb4.27.0&#8243; _module_preset=\u00bbdefault\u00bb title_text_color=\u00bb#008432&#8243; meta_text_color=\u00bb#875C00&#8243; content_line_height=\u00bb1.2em\u00bb global_colors_info=\u00bb{}\u00bb][\/dgbm_blog_module][\/et_pb_column][\/et_pb_row][\/et_pb_section][et_pb_section fb_built=\u00bb1&#8243; custom_padding_last_edited=\u00bbon|tablet\u00bb admin_label=\u00bbHero\u00bb _builder_version=\u00bb4.27.0&#8243; _module_preset=\u00bbe68aa8c9-06e1-48cb-b82b-29ec720aed4c\u00bb background_image=\u00bbhttps:\/\/coordinaciondelpacifico.org\/wp-content\/uploads\/2022\/05\/Foto_final_.jpg\u00bb custom_padding=\u00bb4vw||4vw||true|false\u00bb custom_padding_tablet=\u00bb10vw||10vw||true|false\u00bb custom_padding_phone=\u00bb10vw||10vw||true|false\u00bb locked=\u00bboff\u00bb collapsed=\u00bbon\u00bb global_colors_info=\u00bb{}\u00bb][et_pb_row column_structure=\u00bb1_2,1_2&#8243; _builder_version=\u00bb4.24.2&#8243; _module_preset=\u00bb5138c454-be54-4233-bd3b-f8e6a8747976&#8243; locked=\u00bboff\u00bb global_colors_info=\u00bb{}\u00bb][et_pb_column type=\u00bb1_2&#8243; _builder_version=\u00bb4.23.1&#8243; _module_preset=\u00bb73121f80-a3ef-4484-8763-c3f18e3c56d2&#8243; global_colors_info=\u00bb{}\u00bb][et_pb_heading title=\u00bbProtegiendo los Derechos del Pac\u00edfico Colombiano\u00bb _builder_version=\u00bb4.24.2&#8243; _module_preset=\u00bbf0c675ea-2574-4d0e-b725-30f8550a8550&#8243; title_text_color=\u00bbgcid-primary-color\u00bb locked=\u00bboff\u00bb global_colors_info=\u00bb{%22gcid-primary-color%22:%91%22title_text_color%22%93}\u00bb][\/et_pb_heading][et_pb_heading title=\u00bbCoordinaci\u00f3n Regional del Pac\u00edfico Colombiano\u00bb _builder_version=\u00bb4.27.0&#8243; _module_preset=\u00bbddeb8c09-9078-4424-bc15-2efb6572e28e\u00bb title_level=\u00bbh2&#8243; title_font_size=\u00bb44px\u00bb locked=\u00bboff\u00bb global_colors_info=\u00bb{}\u00bb][\/et_pb_heading][et_pb_text _builder_version=\u00bb4.27.0&#8243; _module_preset=\u00bb2c55a9c4-feed-423b-9edb-ae0b5b365cac\u00bb locked=\u00bboff\u00bb global_colors_info=\u00bb{}\u00bb]<\/p>\n<p>Nuestra visi\u00f3n es un Pac\u00edfico Colombiano donde los derechos de todas las comunidades sean respetados y protegidos, y donde los territorios sean espacios de paz y prosperidad. Trabajamos incansablemente para lograr este objetivo a trav\u00e9s de la educaci\u00f3n, la incidencia pol\u00edtica y la colaboraci\u00f3n con organizaciones locales e internacionales.<\/p>\n<p>[\/et_pb_text][et_pb_button button_text=\u00bbConoce M\u00e1s\u00bb _builder_version=\u00bb4.23.1&#8243; _module_preset=\u00bb1bffc0fc-42a0-49d1-bd9a-ae3ade2d7206&#8243; locked=\u00bboff\u00bb global_colors_info=\u00bb{}\u00bb][\/et_pb_button][\/et_pb_column][et_pb_column type=\u00bb1_2&#8243; _builder_version=\u00bb4.23.1&#8243; _module_preset=\u00bb73121f80-a3ef-4484-8763-c3f18e3c56d2&#8243; custom_padding=\u00bb8%||8%||false|false\u00bb custom_padding_tablet=\u00bb0%||8%||false|false\u00bb custom_padding_phone=\u00bb0%||8%||false|false\u00bb custom_padding_last_edited=\u00bbon|tablet\u00bb global_colors_info=\u00bb{}\u00bb][\/et_pb_column][\/et_pb_row][\/et_pb_section][et_pb_section fb_built=\u00bb1&#8243; _builder_version=\u00bb4.27.0&#8243; _module_preset=\u00bbdefault\u00bb global_colors_info=\u00bb{}\u00bb][et_pb_row _builder_version=\u00bb4.27.0&#8243; _module_preset=\u00bbdefault\u00bb global_colors_info=\u00bb{}\u00bb][et_pb_column type=\u00bb4_4&#8243; _builder_version=\u00bb4.27.0&#8243; _module_preset=\u00bbdefault\u00bb global_colors_info=\u00bb{}\u00bb][\/et_pb_column][\/et_pb_row][et_pb_row _builder_version=\u00bb4.27.0&#8243; _module_preset=\u00bbdefault\u00bb global_colors_info=\u00bb{}\u00bb][et_pb_column type=\u00bb4_4&#8243; _builder_version=\u00bb4.27.0&#8243; _module_preset=\u00bbdefault\u00bb global_colors_info=\u00bb{}\u00bb][dvcr_video_carousel _builder_version=\u00bb4.27.0&#8243; _module_preset=\u00bbdefault\u00bb global_colors_info=\u00bb{}\u00bb][dvcr_video_carousel_child video_title=\u00bb\u00a1F\u00fatbol para la paz! Reportajes Pac\u00edfico \u00c9tnico desde el campeonato ind\u00edgena del Choc\u00f3\u00bb image=\u00bbhttps:\/\/coordinaciondelpacifico.org\/wp-content\/uploads\/2024\/07\/youtube1.jpg\u00bb icon=\u00bb4&#8243; video_link=\u00bbhttps:\/\/youtu.be\/TADpk3_BeFw?si=aqWT79pJ28Lj6j2A\u00bb icon_color=\u00bb#DDD41F\u00bb icon_opacity=\u00bb0.92&#8243; title_padding=\u00bb10px|10px|10px|10px|true|true\u00bb _builder_version=\u00bb4.27.0&#8243; _module_preset=\u00bbdefault\u00bb title_font_size=\u00bb16px\u00bb global_colors_info=\u00bb{}\u00bb][\/dvcr_video_carousel_child][dvcr_video_carousel_child video_title=\u00bb\u00a1En Quibd\u00f3 son vulnerados los DESCA, todos los d\u00edas!\u00bb image=\u00bbhttps:\/\/coordinaciondelpacifico.org\/wp-content\/uploads\/2024\/07\/youtube2.jpg\u00bb icon=\u00bb4&#8243; video_link=\u00bbhttps:\/\/youtu.be\/Ye3dvdCn4lM?si=yYp00OtfM0nIlhgO\u00bb icon_color=\u00bb#DDD41F\u00bb icon_opacity=\u00bb0.92&#8243; title_padding=\u00bb10px|10px|10px|10px|true|true\u00bb _builder_version=\u00bb4.27.0&#8243; _module_preset=\u00bbdefault\u00bb title_font_size=\u00bb16px\u00bb global_colors_info=\u00bb{}\u00bb][\/dvcr_video_carousel_child][dvcr_video_carousel_child video_title=\u00bb%22Retomemos los caminos de PAZ%22 &#8211; Padre Albeiro Parra hace un llamado a los generadores de violencia.\u00bb image=\u00bbhttps:\/\/coordinaciondelpacifico.org\/wp-content\/uploads\/2024\/07\/youtube3.jpg\u00bb icon=\u00bb4&#8243; video_link=\u00bbhttps:\/\/youtu.be\/_dXVK9ePOMw?si=0Zu3Wiq9Mj8a2EqM\u00bb icon_color=\u00bb#DDD41F\u00bb icon_opacity=\u00bb0.92&#8243; title_padding=\u00bb10px|10px|10px|10px|true|true\u00bb _builder_version=\u00bb4.27.0&#8243; _module_preset=\u00bbdefault\u00bb title_font_size=\u00bb16px\u00bb global_colors_info=\u00bb{}\u00bb][\/dvcr_video_carousel_child][dvcr_video_carousel_child video_title=\u00bbReportajes Pac\u00edfico \u00c9tnico &#8211; El gobierno propio de las comunidades \u00e9tnicas en Riosucio, Choc\u00f3.\u00bb image=\u00bbhttps:\/\/coordinaciondelpacifico.org\/wp-content\/uploads\/2024\/07\/youtube4.jpg\u00bb icon=\u00bb4&#8243; video_link=\u00bbhttps:\/\/youtu.be\/Pl0Xe9jDMIo?si=VhOL6igJ2mYXrzWZ\u00bb icon_color=\u00bb#DDD41F\u00bb icon_opacity=\u00bb0.92&#8243; title_padding=\u00bb10px|10px|10px|10px|true|true\u00bb _builder_version=\u00bb4.27.0&#8243; _module_preset=\u00bbdefault\u00bb title_font_size=\u00bb16px\u00bb global_colors_info=\u00bb{}\u00bb][\/dvcr_video_carousel_child][\/dvcr_video_carousel][\/et_pb_column][\/et_pb_row][\/et_pb_section][et_pb_section fb_built=\u00bb1&#8243; _builder_version=\u00bb4.27.0&#8243; _module_preset=\u00bbdefault\u00bb global_colors_info=\u00bb{}\u00bb][et_pb_row column_structure=\u00bb1_4,1_4,1_4,1_4&#8243; _builder_version=\u00bb4.27.0&#8243; _module_preset=\u00bbdefault\u00bb global_colors_info=\u00bb{}\u00bb][et_pb_column type=\u00bb1_4&#8243; _builder_version=\u00bb4.27.0&#8243; _module_preset=\u00bbdefault\u00bb global_colors_info=\u00bb{}\u00bb][et_pb_image src=\u00bbhttps:\/\/coordinaciondelpacifico.org\/wp-content\/uploads\/2024\/07\/banners-06.png\u00bb title_text=\u00bbbanners-06&#8243; _builder_version=\u00bb4.27.0&#8243; _module_preset=\u00bbdefault\u00bb global_colors_info=\u00bb{}\u00bb][\/et_pb_image][\/et_pb_column][et_pb_column type=\u00bb1_4&#8243; _builder_version=\u00bb4.27.0&#8243; _module_preset=\u00bbdefault\u00bb global_colors_info=\u00bb{}\u00bb][et_pb_image src=\u00bbhttps:\/\/coordinaciondelpacifico.org\/wp-content\/uploads\/2024\/07\/banners-08.png\u00bb title_text=\u00bbbanners-08&#8243; _builder_version=\u00bb4.27.0&#8243; _module_preset=\u00bbdefault\u00bb global_colors_info=\u00bb{}\u00bb][\/et_pb_image][\/et_pb_column][et_pb_column type=\u00bb1_4&#8243; _builder_version=\u00bb4.27.0&#8243; _module_preset=\u00bbdefault\u00bb global_colors_info=\u00bb{}\u00bb][et_pb_image src=\u00bbhttps:\/\/coordinaciondelpacifico.org\/wp-content\/uploads\/2024\/07\/banners-07.png\u00bb title_text=\u00bbbanners-07&#8243; _builder_version=\u00bb4.27.0&#8243; _module_preset=\u00bbdefault\u00bb global_colors_info=\u00bb{}\u00bb][\/et_pb_image][\/et_pb_column][et_pb_column type=\u00bb1_4&#8243; _builder_version=\u00bb4.27.0&#8243; _module_preset=\u00bbdefault\u00bb global_colors_info=\u00bb{}\u00bb][et_pb_image src=\u00bbhttps:\/\/coordinaciondelpacifico.org\/wp-content\/uploads\/2024\/07\/banners-07.png\u00bb title_text=\u00bbbanners-07&#8243; _builder_version=\u00bb4.27.0&#8243; _module_preset=\u00bbdefault\u00bb global_colors_info=\u00bb{}\u00bb][\/et_pb_image][\/et_pb_column][\/et_pb_row][\/et_pb_section][et_pb_section fb_built=\u00bb1&#8243; admin_label=\u00bbStatistics\u00bb _builder_version=\u00bb4.18.0&#8243; _module_preset=\u00bbdefault\u00bb locked=\u00bboff\u00bb collapsed=\u00bbon\u00bb global_colors_info=\u00bb{}\u00bb][et_pb_row _builder_version=\u00bb4.27.0&#8243; _module_preset=\u00bbdefault\u00bb global_colors_info=\u00bb{}\u00bb][et_pb_column type=\u00bb4_4&#8243; _builder_version=\u00bb4.27.0&#8243; _module_preset=\u00bbdefault\u00bb global_colors_info=\u00bb{}\u00bb][dgbm_blog_module posts_number=\u00bb6&#8243; _builder_version=\u00bb4.27.0&#8243; _module_preset=\u00bbdefault\u00bb global_colors_info=\u00bb{}\u00bb][\/dgbm_blog_module][\/et_pb_column][\/et_pb_row][\/et_pb_section][et_pb_section fb_built=\u00bb1&#8243; admin_label=\u00bbCall to Action\u00bb _builder_version=\u00bb4.27.0&#8243; _module_preset=\u00bbdefault\u00bb use_background_color_gradient=\u00bbon\u00bb background_color_gradient_stops=\u00bbrgba(0,0,0,0.75) 0%|rgba(0,0,0,0.75) 100%\u00bb background_color_gradient_overlays_image=\u00bbon\u00bb background_image=\u00bbhttps:\/\/coordinaciondelpacifico.org\/wp-content\/uploads\/2022\/05\/IMG_7514-scaled.jpg\u00bb custom_padding=\u00bb8vw||8vw||true|false\u00bb locked=\u00bboff\u00bb collapsed=\u00bbon\u00bb global_colors_info=\u00bb{%22gcid-36fd78a7-34bc-404d-873c-dafa34efaae5%22:%91%22button_text_color%22%93}\u00bb][et_pb_row _builder_version=\u00bb4.23.1&#8243; _module_preset=\u00bb5138c454-be54-4233-bd3b-f8e6a8747976&#8243; width=\u00bb70%\u00bb max_width=\u00bbnone\u00bb global_colors_info=\u00bb{}\u00bb][et_pb_column type=\u00bb4_4&#8243; _builder_version=\u00bb4.17.6&#8243; _module_preset=\u00bb73121f80-a3ef-4484-8763-c3f18e3c56d2&#8243; global_colors_info=\u00bb{}\u00bb][et_pb_heading title=\u00bbTerritorio de \u00c9tnias\u00bb _builder_version=\u00bb4.24.2&#8243; _module_preset=\u00bbddeb8c09-9078-4424-bc15-2efb6572e28e\u00bb title_text_align=\u00bbcenter\u00bb title_text_color=\u00bb#FFFFFF\u00bb global_colors_info=\u00bb{}\u00bb][\/et_pb_heading][et_pb_button button_text=\u00bbRevista de la Coordinaci\u00f3n Regional del Pac\u00edfico\u00bb button_alignment=\u00bbcenter\u00bb _builder_version=\u00bb4.27.0&#8243; _module_preset=\u00bbab15fb74-61a3-43aa-96b3-41e09aeef654&#8243; locked=\u00bboff\u00bb global_colors_info=\u00bb{}\u00bb][\/et_pb_button][\/et_pb_column][\/et_pb_row][\/et_pb_section]<\/p>\n","protected":false},"excerpt":{"rendered":"<p><div class=\"et_pb_module dgbm_blog_module dgbm_blog_module_0\">\n\t\t\t\t\n\t\t\t\t\n\t\t\t\t\n\t\t\t\t\n\t\t\t\t\n\t\t\t\t\n\t\t\t\t<div class=\"et_pb_module_inner\">\n\t\t\t\t\t<div class=\"dg-blog-module equal-hieght dgbm-image-overlay\">\r\n\t\t\t\t\t\t\t<div class=\"dg-blog-inner-wrapper column-3 column-tablet-2 column-mobile-1 image-top\">\r\n\t\t\t\t\t\t\t\t<div class=\"et_pb_ajax_pagination_container\">\r\n\t\t\t\t\t\t\t\t\t<div class=\"dg-blog-grid\" >                <article id=\"post-524\" class=\"dgbm_post_item v2 post-524 post type-post status-publish format-standard has-post-thumbnail hentry category-uncategorized\" >\r\n                    <div class=\"dg-post-thumb\" > <a class=\"featured-image-link\"  href=\"https:\/\/coordinaciondelpacifico.org\/index.php\/2026\/03\/09\/nota-de-prensa-pueblos-indigena\/\"><img loading=\"lazy\" decoding=\"async\" src=\"https:\/\/coordinaciondelpacifico.org\/wp-content\/uploads\/2020\/10\/Saludo-foto-Bianca-Bauer-.jpg\" alt=\"Nota de prensa pueblos Ind\u00edgena\" class=\"\" srcset=\"https:\/\/coordinaciondelpacifico.org\/wp-content\/uploads\/2020\/10\/Saludo-foto-Bianca-Bauer-.jpg 479w, https:\/\/coordinaciondelpacifico.org\/wp-content\/uploads\/2020\/10\/Saludo-foto-Bianca-Bauer-.jpg 480w \" sizes=\"(max-width:479px) 479px, 100vw \"  width=\"400\" height=\"250\" \/><\/a><\/div>                                            <div class=\"content-wrapper\">\r\n\t\t\t\t\t\t                             <h2 class=\"dg_bm_title\"><a href=\"https:\/\/coordinaciondelpacifico.org\/index.php\/2026\/03\/09\/nota-de-prensa-pueblos-indigena\/\">Nota de prensa pueblos Ind\u00edgena<\/a><\/h2>                            <p class=\"post-meta post-meta-position-default\"><span class=\"published\">Mar 9, 2026<\/span><span class=\"pipe-separator\">|<\/span><span class=\"categories\"> <a href=\"https:\/\/coordinaciondelpacifico.org\/index.php\/category\/uncategorized\/\" rel=\"tag\">Uncategorized<\/a><\/span><\/p>                            <div class=\"post-content\"><p>Lorem ipsum dolor sit amet, consectetuer adipiscing elit. Aenean commodo ligula eget dolor. Aenean massa. Cum sociis natoque penatibus et magnis dis parturient montes, nascetur ridiculus mus. Donec quam felis, ultricies nec, pellentesque eu, pretium quis, sem. Nulla consequat massa quis enim....<\/p>\n<\/div>                                                        \r\n                        <\/div>\r\n                                    <\/article>\r\n                                <article id=\"post-522\" class=\"dgbm_post_item v2 post-522 post type-post status-publish format-standard has-post-thumbnail hentry category-uncategorized\" >\r\n                    <div class=\"dg-post-thumb\" > <a class=\"featured-image-link\"  href=\"https:\/\/coordinaciondelpacifico.org\/index.php\/2026\/03\/09\/nota-de-prensa-choco\/\"><img loading=\"lazy\" decoding=\"async\" src=\"https:\/\/coordinaciondelpacifico.org\/wp-content\/uploads\/2022\/01\/alcalde_2.jpg\" alt=\"Nota de prensa Choc\u00f3\" class=\"\" srcset=\"https:\/\/coordinaciondelpacifico.org\/wp-content\/uploads\/2022\/01\/alcalde_2.jpg 479w, https:\/\/coordinaciondelpacifico.org\/wp-content\/uploads\/2022\/01\/alcalde_2.jpg 480w \" sizes=\"(max-width:479px) 479px, 100vw \"  width=\"400\" height=\"250\" \/><\/a><\/div>                                            <div class=\"content-wrapper\">\r\n\t\t\t\t\t\t                             <h2 class=\"dg_bm_title\"><a href=\"https:\/\/coordinaciondelpacifico.org\/index.php\/2026\/03\/09\/nota-de-prensa-choco\/\">Nota de prensa Choc\u00f3<\/a><\/h2>                            <p class=\"post-meta post-meta-position-default\"><span class=\"published\">Mar 9, 2026<\/span><span class=\"pipe-separator\">|<\/span><span class=\"categories\"> <a href=\"https:\/\/coordinaciondelpacifico.org\/index.php\/category\/uncategorized\/\" rel=\"tag\">Uncategorized<\/a><\/span><\/p>                            <div class=\"post-content\"><p>Lorem ipsum dolor sit amet, consectetuer adipiscing elit. Aenean commodo ligula eget dolor. Aenean massa. Cum sociis natoque penatibus et magnis dis parturient montes, nascetur ridiculus mus. Donec quam felis, ultricies nec, pellentesque eu, pretium quis, sem. Nulla consequat massa quis enim....<\/p>\n<\/div>                                                        \r\n                        <\/div>\r\n                                    <\/article>\r\n                                <article id=\"post-519\" class=\"dgbm_post_item v2 post-519 post type-post status-publish format-standard has-post-thumbnail hentry category-noticias-general\" >\r\n                    <div class=\"dg-post-thumb\" > <a class=\"featured-image-link\"  href=\"https:\/\/coordinaciondelpacifico.org\/index.php\/2026\/03\/09\/nota-de-prensa-pacifico-colombiano\/\"><img loading=\"lazy\" decoding=\"async\" src=\"https:\/\/coordinaciondelpacifico.org\/wp-content\/uploads\/2022\/03\/Yulissa_Sinisterra-scaled.jpg\" alt=\"Nota de Prensa Pac\u00edfico Colombiano\" class=\"\" srcset=\"https:\/\/coordinaciondelpacifico.org\/wp-content\/uploads\/2022\/03\/Yulissa_Sinisterra-scaled.jpg 479w, https:\/\/coordinaciondelpacifico.org\/wp-content\/uploads\/2022\/03\/Yulissa_Sinisterra-scaled.jpg 480w \" sizes=\"(max-width:479px) 479px, 100vw \"  width=\"400\" height=\"250\" \/><\/a><\/div>                                            <div class=\"content-wrapper\">\r\n\t\t\t\t\t\t                             <h2 class=\"dg_bm_title\"><a href=\"https:\/\/coordinaciondelpacifico.org\/index.php\/2026\/03\/09\/nota-de-prensa-pacifico-colombiano\/\">Nota de Prensa Pac\u00edfico Colombiano<\/a><\/h2>                            <p class=\"post-meta post-meta-position-default\"><span class=\"published\">Mar 9, 2026<\/span><span class=\"pipe-separator\">|<\/span><span class=\"categories\"> <a href=\"https:\/\/coordinaciondelpacifico.org\/index.php\/category\/noticias-general\/\" rel=\"tag\">Noticias general<\/a><\/span><\/p>                            <div class=\"post-content\"><p>Lorem ipsum dolor sit amet, consectetuer adipiscing elit. Aenean commodo ligula eget dolor. Aenean massa. Cum sociis natoque penatibus et magnis dis parturient montes, nascetur ridiculus mus. Donec quam felis, ultricies nec, pellentesque eu, pretium quis, sem. Nulla consequat massa quis enim....<\/p>\n<\/div>                                                        \r\n                        <\/div>\r\n                                    <\/article>\r\n                <\/div><div class=\"pagination clearfix\">\n\t<div class=\"alignleft\"><\/div>\n\t<div class=\"alignright\"><\/div>\n<\/div> \r\n\t\t\t\t\t\t\t\t<\/div>\r\n\t\t\t\t\t\t\t<\/div>\r\n                        <\/div>\n\t\t\t\t<\/div>\n\t\t\t<\/div>Nuestra visi\u00f3n es un Pac\u00edfico Colombiano donde los derechos de todas las comunidades sean respetados y protegidos, y donde los territorios sean espacios de paz y prosperidad. Trabajamos incansablemente para lograr este objetivo a trav\u00e9s de la educaci\u00f3n, la [&hellip;]<\/p>\n","protected":false},"author":2,"featured_media":0,"parent":0,"menu_order":0,"comment_status":"closed","ping_status":"closed","template":"","meta":{"_et_pb_use_builder":"on","_et_pb_old_content":"","_et_gb_content_width":"","footnotes":""},"class_list":["post-112","page","type-page","status-publish","hentry"],"_links":{"self":[{"href":"https:\/\/coordinaciondelpacifico.org\/index.php\/wp-json\/wp\/v2\/pages\/112","targetHints":{"allow":["GET"]}}],"collection":[{"href":"https:\/\/coordinaciondelpacifico.org\/index.php\/wp-json\/wp\/v2\/pages"}],"about":[{"href":"https:\/\/coordinaciondelpacifico.org\/index.php\/wp-json\/wp\/v2\/types\/page"}],"author":[{"embeddable":true,"href":"https:\/\/coordinaciondelpacifico.org\/index.php\/wp-json\/wp\/v2\/users\/2"}],"replies":[{"embeddable":true,"href":"https:\/\/coordinaciondelpacifico.org\/index.php\/wp-json\/wp\/v2\/comments?post=112"}],"version-history":[{"count":16,"href":"https:\/\/coordinaciondelpacifico.org\/index.php\/wp-json\/wp\/v2\/pages\/112\/revisions"}],"predecessor-version":[{"id":464,"href":"https:\/\/coordinaciondelpacifico.org\/index.php\/wp-json\/wp\/v2\/pages\/112\/revisions\/464"}],"wp:attachment":[{"href":"https:\/\/coordinaciondelpacifico.org\/index.php\/wp-json\/wp\/v2\/media?parent=112"}],"curies":[{"name":"wp","href":"https:\/\/api.w.org\/{rel}","templated":true}]}}